{"id":2596,"date":"2022-03-05T16:35:19","date_gmt":"2022-03-05T14:35:19","guid":{"rendered":"https:\/\/bahiadorada.es\/schreiben-sie-ihre-daten\/"},"modified":"2024-04-29T21:51:40","modified_gmt":"2024-04-29T19:51:40","slug":"schreiben-sie-ihre-daten","status":"publish","type":"page","link":"https:\/\/bahiadorada.es\/de\/schreiben-sie-ihre-daten\/","title":{"rendered":"Buchen Sie"},"content":{"rendered":"\t\t<div data-elementor-type=\"wp-page\" data-elementor-id=\"2596\" class=\"elementor elementor-2596 elementor-919\" data-elementor-post-type=\"page\">\n\t\t\t\t\t\t<section class=\"elementor-section elementor-top-section elementor-element elementor-element-355a8f88 elementor-section-boxed elementor-section-height-default elementor-section-height-default\" data-id=\"355a8f88\" data-element_type=\"section\" data-e-type=\"section\" data-settings=\"{&quot;background_background&quot;:&quot;slideshow&quot;,&quot;background_slideshow_gallery&quot;:[{&quot;id&quot;:561,&quot;url&quot;:&quot;https:\\\/\\\/bahiadorada.es\\\/wp-content\\\/uploads\\\/2022\\\/01\\\/portada-Bahia-Dorada-1.jpg&quot;}],&quot;background_slideshow_loop&quot;:&quot;yes&quot;,&quot;background_slideshow_slide_duration&quot;:5000,&quot;background_slideshow_slide_transition&quot;:&quot;fade&quot;,&quot;background_slideshow_transition_duration&quot;:500}\">\n\t\t\t\t\t\t<div class=\"elementor-container elementor-column-gap-default\">\n\t\t\t\t\t<div class=\"elementor-column elementor-col-100 elementor-top-column elementor-element elementor-element-409d7a5d\" data-id=\"409d7a5d\" data-element_type=\"column\" data-e-type=\"column\">\n\t\t\t<div class=\"elementor-widget-wrap elementor-element-populated\">\n\t\t\t\t\t\t<div class=\"elementor-element elementor-element-7b37a302 elementor-widget elementor-widget-heading\" data-id=\"7b37a302\" data-element_type=\"widget\" data-e-type=\"widget\" data-widget_type=\"heading.default\">\n\t\t\t\t<div class=\"elementor-widget-container\">\n\t\t\t\t\t<h1 class=\"elementor-heading-title elementor-size-default\">Buchen Sie Ihre Ferienvilla<\/h1>\t\t\t\t<\/div>\n\t\t\t\t<\/div>\n\t\t\t\t<div class=\"elementor-element elementor-element-1d0ee220 elementor-widget-divider--view-line elementor-widget elementor-widget-divider\" data-id=\"1d0ee220\" data-element_type=\"widget\" data-e-type=\"widget\" data-widget_type=\"divider.default\">\n\t\t\t\t<div class=\"elementor-widget-container\">\n\t\t\t\t\t\t\t<div class=\"elementor-divider\">\n\t\t\t<span class=\"elementor-divider-separator\">\n\t\t\t\t\t\t<\/span>\n\t\t<\/div>\n\t\t\t\t\t\t<\/div>\n\t\t\t\t<\/div>\n\t\t\t\t<div class=\"elementor-element elementor-element-aed1731 elementor-widget elementor-widget-text-editor\" data-id=\"aed1731\" data-element_type=\"widget\" data-e-type=\"widget\" data-widget_type=\"text-editor.default\">\n\t\t\t\t<div class=\"elementor-widget-container\">\n\t\t\t\t\t\t\t\t\t<p><u><b>PREISE AB:<\/b> 35,00 \u20ac pro Person<\/u><\/p>\n<p><u><b>LANGFRISTIGE ANGEBOTE,<\/b> bitte kontaktieren Sie: <b><br \/>\n  <a href=\"mailto:info@bahiadorada.es\" target=\"_blank\" rel=\"noopener\">info@bahiadorada.es<\/a><br \/>\n<\/b><\/u><\/p>\n\t\t\t\t\t\t\t\t<\/div>\n\t\t\t\t<\/div>\n\t\t\t\t<div class=\"elementor-element elementor-element-363ac419 elementor-widget elementor-widget-html\" data-id=\"363ac419\" data-element_type=\"widget\" data-e-type=\"widget\" data-widget_type=\"html.default\">\n\t\t\t\t<div class=\"elementor-widget-container\">\n\t\t\t\t\t<div id=\"apartmentIframeAll\">\n<script type=\"text\/javascript\" src=\"https:\/\/login.smoobu.com\/js\/Settings\/BookingToolIframe.js\"><\/script>\n<script>BookingToolIframe.initialize({\"url\": \"https:\/\/login.smoobu.com\/es\/booking-tool\/iframe\/367066\", \"baseUrl\": \"https:\/\/login.smoobu.com\", \"target\": \"#apartmentIframeAll\"})<\/script>\n<\/div>\n\t\t\t\t<\/div>\n\t\t\t\t<\/div>\n\t\t\t\t<div class=\"elementor-element elementor-element-b024963 elementor-widget elementor-widget-heading\" data-id=\"b024963\" data-element_type=\"widget\" data-e-type=\"widget\" data-widget_type=\"heading.default\">\n\t\t\t\t<div class=\"elementor-widget-container\">\n\t\t\t\t\t<h2 class=\"elementor-heading-title elementor-size-default\">Kalender der Verf\u00fcgbarkeit<\/h2>\t\t\t\t<\/div>\n\t\t\t\t<\/div>\n\t\t\t\t<div class=\"elementor-element elementor-element-e3468fa elementor-widget elementor-widget-text-editor\" data-id=\"e3468fa\" data-element_type=\"widget\" data-e-type=\"widget\" data-widget_type=\"text-editor.default\">\n\t\t\t\t<div class=\"elementor-widget-container\">\n\t\t\t\t\t\t\t\t\t<p>\u00dcberpr\u00fcfen Sie die Belegung unserer Ferienvilla auf einen Blick.  <\/p>\n<p>Wei\u00df hinterlegte Termine zeigen die Verf\u00fcgbarkeit an, rosa hinterlegte Termine die Auslastung.<\/p>\n\t\t\t\t\t\t\t\t<\/div>\n\t\t\t\t<\/div>\n\t\t\t\t<div class=\"elementor-element elementor-element-14305bf elementor-widget elementor-widget-html\" data-id=\"14305bf\" data-element_type=\"widget\" data-e-type=\"widget\" data-widget_type=\"html.default\">\n\t\t\t\t<div class=\"elementor-widget-container\">\n\t\t\t\t\t<div id=\"smoobuCalendarIframe\">  <link rel=\"stylesheet\" type=\"text\/css\" href=\"https:\/\/login.smoobu.com\/css\/singleCalendarWidgetIframe.css\">  <iframe class=\"smallDevices\" height=\"540px\" width=\"280px\" src=\"https:\/\/login.smoobu.com\/es\/cockpit\/widget\/show-calendar-iframe\/1118266\/98c26f026e871914dbd6f4f50d72eb0e528822ae34bf47ca0c50dca53b47396b\"><\/iframe>  <iframe class=\"bigDevices\" height=\"600px\" width=\"1000px\" src=\"https:\/\/login.smoobu.com\/es\/cockpit\/widget\/show-calendar-iframe\/1118266\/98c26f026e871914dbd6f4f50d72eb0e528822ae34bf47ca0c50dca53b47396b\"><\/iframe><\/div>\n\t\t\t\t<\/div>\n\t\t\t\t<\/div>\n\t\t\t\t\t<\/div>\n\t\t<\/div>\n\t\t\t\t\t<\/div>\n\t\t<\/section>\n\t\t\t\t<\/div>\n\t\t","protected":false},"excerpt":{"rendered":"<p>Buchen Sie Ihre Ferienvilla PREISE AB: 35,00 \u20ac pro Person LANGFRISTIGE ANGEBOTE, bitte kontaktieren Sie: info@bahiadorada.es Kalender der Verf\u00fcgbarkeit \u00dcberpr\u00fcfen Sie die Belegung unserer Ferienvilla auf einen Blick. Wei\u00df hinterlegte Termine zeigen die Verf\u00fcgbarkeit an, rosa hinterlegte Termine die Auslastung.<\/p>\n","protected":false},"author":2,"featured_media":0,"parent":0,"menu_order":0,"comment_status":"closed","ping_status":"closed","template":"","meta":{"site-sidebar-layout":"no-sidebar","site-content-layout":"page-builder","ast-site-content-layout":"full-width-container","site-content-style":"unboxed","site-sidebar-style":"unboxed","ast-global-header-display":"","ast-banner-title-visibility":"","ast-main-header-display":"","ast-hfb-above-header-display":"","ast-hfb-below-header-display":"","ast-hfb-mobile-header-display":"","site-post-title":"disabled","ast-breadcrumbs-content":"","ast-featured-img":"disabled","footer-sml-layout":"","ast-disable-related-posts":"","theme-transparent-header-meta":"enabled","adv-header-id-meta":"","stick-header-meta":"","header-above-stick-meta":"","header-main-stick-meta":"","header-below-stick-meta":"","astra-migrate-meta-layouts":"default","ast-page-background-enabled":"default","ast-page-background-meta":{"desktop":{"background-color":"","background-image":"","background-repeat":"repeat","background-position":"center center","background-size":"auto","background-attachment":"scroll","background-type":"","background-media":"","overlay-type":"","overlay-color":"","overlay-opacity":"","overlay-gradient":""},"tablet":{"background-color":"","background-image":"","background-repeat":"repeat","background-position":"center center","background-size":"auto","background-attachment":"scroll","background-type":"","background-media":"","overlay-type":"","overlay-color":"","overlay-opacity":"","overlay-gradient":""},"mobile":{"background-color":"","background-image":"","background-repeat":"repeat","background-position":"center center","background-size":"auto","background-attachment":"scroll","background-type":"","background-media":"","overlay-type":"","overlay-color":"","overlay-opacity":"","overlay-gradient":""}},"ast-content-background-meta":{"desktop":{"background-color":"var(--ast-global-color-5)","background-image":"","background-repeat":"repeat","background-position":"center center","background-size":"auto","background-attachment":"scroll","background-type":"","background-media":"","overlay-type":"","overlay-color":"","overlay-opacity":"","overlay-gradient":""},"tablet":{"background-color":"var(--ast-global-color-5)","background-image":"","background-repeat":"repeat","background-position":"center center","background-size":"auto","background-attachment":"scroll","background-type":"","background-media":"","overlay-type":"","overlay-color":"","overlay-opacity":"","overlay-gradient":""},"mobile":{"background-color":"var(--ast-global-color-5)","background-image":"","background-repeat":"repeat","background-position":"center center","background-size":"auto","background-attachment":"scroll","background-type":"","background-media":"","overlay-type":"","overlay-color":"","overlay-opacity":"","overlay-gradient":""}},"footnotes":""},"class_list":["post-2596","page","type-page","status-publish","hentry"],"_links":{"self":[{"href":"https:\/\/bahiadorada.es\/de\/wp-json\/wp\/v2\/pages\/2596","targetHints":{"allow":["GET"]}}],"collection":[{"href":"https:\/\/bahiadorada.es\/de\/wp-json\/wp\/v2\/pages"}],"about":[{"href":"https:\/\/bahiadorada.es\/de\/wp-json\/wp\/v2\/types\/page"}],"author":[{"embeddable":true,"href":"https:\/\/bahiadorada.es\/de\/wp-json\/wp\/v2\/users\/2"}],"replies":[{"embeddable":true,"href":"https:\/\/bahiadorada.es\/de\/wp-json\/wp\/v2\/comments?post=2596"}],"version-history":[{"count":3,"href":"https:\/\/bahiadorada.es\/de\/wp-json\/wp\/v2\/pages\/2596\/revisions"}],"predecessor-version":[{"id":2880,"href":"https:\/\/bahiadorada.es\/de\/wp-json\/wp\/v2\/pages\/2596\/revisions\/2880"}],"wp:attachment":[{"href":"https:\/\/bahiadorada.es\/de\/wp-json\/wp\/v2\/media?parent=2596"}],"curies":[{"name":"wp","href":"https:\/\/api.w.org\/{rel}","templated":true}]}}