{"id":2726,"date":"2022-10-30T22:19:05","date_gmt":"2022-10-30T20:19:05","guid":{"rendered":"https:\/\/bahiadorada.es\/tack-for-din-bokning\/"},"modified":"2024-04-28T12:40:02","modified_gmt":"2024-04-28T10:40:02","slug":"tack-for-din-bokning","status":"publish","type":"page","link":"https:\/\/bahiadorada.es\/sv\/tack-for-din-bokning\/","title":{"rendered":"Tack f\u00f6r din bokning"},"content":{"rendered":"\t\t<div data-elementor-type=\"wp-page\" data-elementor-id=\"2726\" class=\"elementor elementor-2726 elementor-1507\" data-elementor-post-type=\"page\">\n\t\t\t\t\t\t<section class=\"elementor-section elementor-top-section elementor-element elementor-element-516c8f8 elementor-section-boxed elementor-section-height-default elementor-section-height-default\" data-id=\"516c8f8\" data-element_type=\"section\" data-e-type=\"section\" data-settings=\"{&quot;background_background&quot;:&quot;classic&quot;}\">\n\t\t\t\t\t\t\t<div class=\"elementor-background-overlay\"><\/div>\n\t\t\t\t\t\t\t<div class=\"elementor-container elementor-column-gap-default\">\n\t\t\t\t\t<div class=\"elementor-column elementor-col-100 elementor-top-column elementor-element elementor-element-560e4f72\" data-id=\"560e4f72\" data-element_type=\"column\" data-e-type=\"column\">\n\t\t\t<div class=\"elementor-widget-wrap elementor-element-populated\">\n\t\t\t\t\t\t<div class=\"elementor-element elementor-element-5fae6ad8 elementor-widget elementor-widget-heading\" data-id=\"5fae6ad8\" data-element_type=\"widget\" data-e-type=\"widget\" data-widget_type=\"heading.default\">\n\t\t\t\t<div class=\"elementor-widget-container\">\n\t\t\t\t\t<h1 class=\"elementor-heading-title elementor-size-default\">bekr\u00e4ftelse<\/h1>\t\t\t\t<\/div>\n\t\t\t\t<\/div>\n\t\t\t\t\t<\/div>\n\t\t<\/div>\n\t\t\t\t\t<\/div>\n\t\t<\/section>\n\t\t\t\t<section class=\"elementor-section elementor-top-section elementor-element elementor-element-8bcd242 elementor-section-boxed elementor-section-height-default elementor-section-height-default\" data-id=\"8bcd242\" data-element_type=\"section\" data-e-type=\"section\">\n\t\t\t\t\t\t<div class=\"elementor-container elementor-column-gap-default\">\n\t\t\t\t\t<div class=\"elementor-column elementor-col-50 elementor-top-column elementor-element elementor-element-2fd41755\" data-id=\"2fd41755\" data-element_type=\"column\" data-e-type=\"column\">\n\t\t\t<div class=\"elementor-widget-wrap elementor-element-populated\">\n\t\t\t\t\t\t<div class=\"elementor-element elementor-element-cef8c11 elementor-widget elementor-widget-heading\" data-id=\"cef8c11\" data-element_type=\"widget\" data-e-type=\"widget\" data-widget_type=\"heading.default\">\n\t\t\t\t<div class=\"elementor-widget-container\">\n\t\t\t\t\t<h2 class=\"elementor-heading-title elementor-size-default\">tack f\u00f6r din bokning<\/h2>\t\t\t\t<\/div>\n\t\t\t\t<\/div>\n\t\t\t\t<div class=\"elementor-element elementor-element-201f0f0b elementor-widget-divider--view-line elementor-widget elementor-widget-divider\" data-id=\"201f0f0b\" data-element_type=\"widget\" data-e-type=\"widget\" data-widget_type=\"divider.default\">\n\t\t\t\t<div class=\"elementor-widget-container\">\n\t\t\t\t\t\t\t<div class=\"elementor-divider\">\n\t\t\t<span class=\"elementor-divider-separator\">\n\t\t\t\t\t\t<\/span>\n\t\t<\/div>\n\t\t\t\t\t\t<\/div>\n\t\t\t\t<\/div>\n\t\t\t\t<div class=\"elementor-element elementor-element-1d2597c2 elementor-widget elementor-widget-text-editor\" data-id=\"1d2597c2\" data-element_type=\"widget\" data-e-type=\"widget\" data-widget_type=\"text-editor.default\">\n\t\t\t\t<div class=\"elementor-widget-container\">\n\t\t\t\t\t\t\t\t\t<p>Vi v\u00e4ntar p\u00e5 dig p\u00e5 Villa La Encina i Bah\u00eda Dorada, d\u00e4r du kan njuta av faciliteter av h\u00f6gsta kvalitet i ett privilegierat l\u00e4ge.  <\/p>\n\t\t\t\t\t\t\t\t<\/div>\n\t\t\t\t<\/div>\n\t\t\t\t\t<\/div>\n\t\t<\/div>\n\t\t\t\t<div class=\"elementor-column elementor-col-50 elementor-top-column elementor-element elementor-element-305be9c\" data-id=\"305be9c\" data-element_type=\"column\" data-e-type=\"column\">\n\t\t\t<div class=\"elementor-widget-wrap elementor-element-populated\">\n\t\t\t\t\t\t<div class=\"elementor-element elementor-element-53dff460 elementor-widget elementor-widget-image\" data-id=\"53dff460\" data-element_type=\"widget\" data-e-type=\"widget\" data-widget_type=\"image.default\">\n\t\t\t\t<div class=\"elementor-widget-container\">\n\t\t\t\t\t\t\t\t\t\t\t\t\t\t\t<img fetchpriority=\"high\" decoding=\"async\" width=\"1147\" height=\"765\" src=\"https:\/\/bahiadorada.es\/wp-content\/uploads\/2022\/07\/2022-04-17-Bahiia-Dorada.82.jpg\" class=\"attachment-full size-full wp-image-1350\" alt=\"\" srcset=\"https:\/\/bahiadorada.es\/wp-content\/uploads\/2022\/07\/2022-04-17-Bahiia-Dorada.82.jpg 1147w, https:\/\/bahiadorada.es\/wp-content\/uploads\/2022\/07\/2022-04-17-Bahiia-Dorada.82-300x200.jpg 300w, https:\/\/bahiadorada.es\/wp-content\/uploads\/2022\/07\/2022-04-17-Bahiia-Dorada.82-1024x683.jpg 1024w, https:\/\/bahiadorada.es\/wp-content\/uploads\/2022\/07\/2022-04-17-Bahiia-Dorada.82-768x512.jpg 768w\" sizes=\"(max-width: 1147px) 100vw, 1147px\" \/>\t\t\t\t\t\t\t\t\t\t\t\t\t\t\t<\/div>\n\t\t\t\t<\/div>\n\t\t\t\t\t<\/div>\n\t\t<\/div>\n\t\t\t\t\t<\/div>\n\t\t<\/section>\n\t\t\t\t<\/div>\n\t\t","protected":false},"excerpt":{"rendered":"<p>bekr\u00e4ftelse tack f\u00f6r din bokning Vi v\u00e4ntar p\u00e5 dig p\u00e5 Villa La Encina i Bah\u00eda Dorada, d\u00e4r du kan njuta av faciliteter av h\u00f6gsta kvalitet i ett privilegierat l\u00e4ge.<\/p>\n","protected":false},"author":2,"featured_media":0,"parent":0,"menu_order":0,"comment_status":"closed","ping_status":"closed","template":"","meta":{"site-sidebar-layout":"no-sidebar","site-content-layout":"page-builder","ast-site-content-layout":"default","site-content-style":"default","site-sidebar-style":"default","ast-global-header-display":"","ast-banner-title-visibility":"","ast-main-header-display":"","ast-hfb-above-header-display":"","ast-hfb-below-header-display":"","ast-hfb-mobile-header-display":"","site-post-title":"disabled","ast-breadcrumbs-content":"","ast-featured-img":"disabled","footer-sml-layout":"","ast-disable-related-posts":"","theme-transparent-header-meta":"enabled","adv-header-id-meta":"","stick-header-meta":"","header-above-stick-meta":"","header-main-stick-meta":"","header-below-stick-meta":"","astra-migrate-meta-layouts":"default","ast-page-background-enabled":"default","ast-page-background-meta":{"desktop":{"background-color":"","background-image":"","background-repeat":"repeat","background-position":"center center","background-size":"auto","background-attachment":"scroll","background-type":"","background-media":"","overlay-type":"","overlay-color":"","overlay-opacity":"","overlay-gradient":""},"tablet":{"background-color":"","background-image":"","background-repeat":"repeat","background-position":"center center","background-size":"auto","background-attachment":"scroll","background-type":"","background-media":"","overlay-type":"","overlay-color":"","overlay-opacity":"","overlay-gradient":""},"mobile":{"background-color":"","background-image":"","background-repeat":"repeat","background-position":"center center","background-size":"auto","background-attachment":"scroll","background-type":"","background-media":"","overlay-type":"","overlay-color":"","overlay-opacity":"","overlay-gradient":""}},"ast-content-background-meta":{"desktop":{"background-color":"var(--ast-global-color-5)","background-image":"","background-repeat":"repeat","background-position":"center center","background-size":"auto","background-attachment":"scroll","background-type":"","background-media":"","overlay-type":"","overlay-color":"","overlay-opacity":"","overlay-gradient":""},"tablet":{"background-color":"var(--ast-global-color-5)","background-image":"","background-repeat":"repeat","background-position":"center center","background-size":"auto","background-attachment":"scroll","background-type":"","background-media":"","overlay-type":"","overlay-color":"","overlay-opacity":"","overlay-gradient":""},"mobile":{"background-color":"var(--ast-global-color-5)","background-image":"","background-repeat":"repeat","background-position":"center center","background-size":"auto","background-attachment":"scroll","background-type":"","background-media":"","overlay-type":"","overlay-color":"","overlay-opacity":"","overlay-gradient":""}},"footnotes":""},"class_list":["post-2726","page","type-page","status-publish","hentry"],"_links":{"self":[{"href":"https:\/\/bahiadorada.es\/sv\/wp-json\/wp\/v2\/pages\/2726","targetHints":{"allow":["GET"]}}],"collection":[{"href":"https:\/\/bahiadorada.es\/sv\/wp-json\/wp\/v2\/pages"}],"about":[{"href":"https:\/\/bahiadorada.es\/sv\/wp-json\/wp\/v2\/types\/page"}],"author":[{"embeddable":true,"href":"https:\/\/bahiadorada.es\/sv\/wp-json\/wp\/v2\/users\/2"}],"replies":[{"embeddable":true,"href":"https:\/\/bahiadorada.es\/sv\/wp-json\/wp\/v2\/comments?post=2726"}],"version-history":[{"count":1,"href":"https:\/\/bahiadorada.es\/sv\/wp-json\/wp\/v2\/pages\/2726\/revisions"}],"predecessor-version":[{"id":2727,"href":"https:\/\/bahiadorada.es\/sv\/wp-json\/wp\/v2\/pages\/2726\/revisions\/2727"}],"wp:attachment":[{"href":"https:\/\/bahiadorada.es\/sv\/wp-json\/wp\/v2\/media?parent=2726"}],"curies":[{"name":"wp","href":"https:\/\/api.w.org\/{rel}","templated":true}]}}